{"id":9515,"date":"2026-04-07T10:56:03","date_gmt":"2026-04-07T08:56:03","guid":{"rendered":"https:\/\/alpinmedizin.org\/jahrbuecher-2\/"},"modified":"2026-05-08T14:31:35","modified_gmt":"2026-05-08T12:31:35","slug":"yearbooks-2","status":"publish","type":"page","link":"https:\/\/alpinmedizin.org\/en\/publications\/oegahm-yearbooks\/yearbooks-2\/","title":{"rendered":"Yearbooks 2"},"content":{"rendered":"\t\t<div data-elementor-type=\"wp-page\" data-elementor-id=\"9515\" class=\"elementor elementor-9515 elementor-6171\" data-elementor-post-type=\"page\">\n\t\t\t\t<div class=\"elementor-element elementor-element-d450840 e-con-full e-flex e-con e-parent\" data-id=\"d450840\" data-element_type=\"container\" data-e-type=\"container\" id=\"jahrbuch-2006\" data-settings=\"{&quot;background_background&quot;:&quot;classic&quot;}\">\n\t\t\t\t<div class=\"elementor-element elementor-element-bdab66b elementor-widget__width-initial elementor-widget elementor-widget-text-editor\" data-id=\"bdab66b\" data-element_type=\"widget\" data-e-type=\"widget\" data-widget_type=\"text-editor.default\">\n\t\t\t\t\t\t\t\t\t<div class=\"_df_book df-lite\" id=\"df_3448\"  _slug=\"jahrbuch-2006\" data-title=\"jahrbuch-2006\" wpoptions=\"true\" thumbtype=\"\" ><\/div><script class=\"df-shortcode-script\" nowprocket type=\"application\/javascript\">window.option_df_3448 = {\"outline\":[],\"backgroundColor\":\"transparent\",\"autoEnableOutline\":\"false\",\"autoEnableThumbnail\":\"false\",\"overwritePDFOutline\":\"false\",\"enableDownload\":\"false\",\"direction\":\"1\",\"pageSize\":\"0\",\"source\":\"https:\\\/\\\/alpinmedizin.org\\\/wp-content\\\/uploads\\\/2026\\\/03\\\/Jahrbuch-2006-OEGAHM.pdf\",\"wpOptions\":\"true\"}; if(window.DFLIP && window.DFLIP.parseBooks){window.DFLIP.parseBooks();}<\/script>\t\t\t\t\t\t\t\t<\/div>\n\t\t\t\t<\/div>\n\t\t<div class=\"elementor-element elementor-element-51ec18f e-con-full e-flex e-con e-parent\" data-id=\"51ec18f\" data-element_type=\"container\" data-e-type=\"container\" id=\"jahrbuch-2005\" data-settings=\"{&quot;background_background&quot;:&quot;classic&quot;}\">\n\t\t\t\t<div class=\"elementor-element elementor-element-fdd5081 elementor-widget__width-initial elementor-widget elementor-widget-text-editor\" data-id=\"fdd5081\" data-element_type=\"widget\" data-e-type=\"widget\" data-widget_type=\"text-editor.default\">\n\t\t\t\t\t\t\t\t\t<div class=\"_df_book df-lite\" id=\"df_3450\"  _slug=\"jahrbuch-2005\" data-title=\"jahrbuch-2005\" wpoptions=\"true\" thumbtype=\"\" ><\/div><script class=\"df-shortcode-script\" nowprocket type=\"application\/javascript\">window.option_df_3450 = {\"outline\":[],\"backgroundColor\":\"transparent\",\"autoEnableOutline\":\"false\",\"autoEnableThumbnail\":\"false\",\"overwritePDFOutline\":\"false\",\"enableDownload\":\"false\",\"direction\":\"1\",\"pageSize\":\"0\",\"source\":\"https:\\\/\\\/alpinmedizin.org\\\/wp-content\\\/uploads\\\/2026\\\/03\\\/Jahrbuch-2005-OEGAHM.pdf\",\"wpOptions\":\"true\"}; if(window.DFLIP && window.DFLIP.parseBooks){window.DFLIP.parseBooks();}<\/script>\t\t\t\t\t\t\t\t<\/div>\n\t\t\t\t<\/div>\n\t\t<div class=\"elementor-element elementor-element-12d7a59 e-con-full e-flex e-con e-parent\" data-id=\"12d7a59\" data-element_type=\"container\" data-e-type=\"container\" id=\"jahrbuch-2004\" data-settings=\"{&quot;background_background&quot;:&quot;classic&quot;}\">\n\t\t\t\t<div class=\"elementor-element elementor-element-7d79f75 elementor-widget__width-initial elementor-widget elementor-widget-text-editor\" data-id=\"7d79f75\" data-element_type=\"widget\" data-e-type=\"widget\" data-widget_type=\"text-editor.default\">\n\t\t\t\t\t\t\t\t\t<div class=\"_df_book df-lite\" id=\"df_3453\"  _slug=\"jahrbuch-2004\" data-title=\"jahrbuch-2004\" wpoptions=\"true\" thumbtype=\"\" ><\/div><script class=\"df-shortcode-script\" nowprocket type=\"application\/javascript\">window.option_df_3453 = {\"outline\":[],\"backgroundColor\":\"transparent\",\"autoEnableOutline\":\"false\",\"autoEnableThumbnail\":\"false\",\"overwritePDFOutline\":\"false\",\"enableDownload\":\"false\",\"direction\":\"1\",\"pageSize\":\"0\",\"source\":\"https:\\\/\\\/alpinmedizin.org\\\/wp-content\\\/uploads\\\/2026\\\/03\\\/Jahrbuch-2004-OEGAHM.pdf\",\"wpOptions\":\"true\"}; if(window.DFLIP && window.DFLIP.parseBooks){window.DFLIP.parseBooks();}<\/script>\t\t\t\t\t\t\t\t<\/div>\n\t\t\t\t<\/div>\n\t\t<div class=\"elementor-element elementor-element-2168e69 e-con-full e-flex e-con e-parent\" data-id=\"2168e69\" data-element_type=\"container\" data-e-type=\"container\" id=\"jahrbuch-2003\" data-settings=\"{&quot;background_background&quot;:&quot;classic&quot;}\">\n\t\t\t\t<div class=\"elementor-element elementor-element-ac212e9 elementor-widget__width-initial elementor-widget elementor-widget-text-editor\" data-id=\"ac212e9\" data-element_type=\"widget\" data-e-type=\"widget\" data-widget_type=\"text-editor.default\">\n\t\t\t\t\t\t\t\t\t<div class=\"_df_book df-lite\" id=\"df_3456\"  _slug=\"jahrbuch-2003\" data-title=\"jahrbuch-2003\" wpoptions=\"true\" thumbtype=\"\" ><\/div><script class=\"df-shortcode-script\" nowprocket type=\"application\/javascript\">window.option_df_3456 = {\"outline\":[],\"backgroundColor\":\"transparent\",\"autoEnableOutline\":\"false\",\"autoEnableThumbnail\":\"false\",\"overwritePDFOutline\":\"false\",\"enableDownload\":\"false\",\"direction\":\"1\",\"pageSize\":\"0\",\"source\":\"https:\\\/\\\/alpinmedizin.org\\\/wp-content\\\/uploads\\\/2026\\\/03\\\/Jahrbuch-2003-OEGAHM.pdf\",\"wpOptions\":\"true\"}; if(window.DFLIP && window.DFLIP.parseBooks){window.DFLIP.parseBooks();}<\/script>\t\t\t\t\t\t\t\t<\/div>\n\t\t\t\t<\/div>\n\t\t<div class=\"elementor-element elementor-element-6dc7eb8 e-con-full e-flex e-con e-parent\" data-id=\"6dc7eb8\" data-element_type=\"container\" data-e-type=\"container\" id=\"jahrbuch-2002\" data-settings=\"{&quot;background_background&quot;:&quot;classic&quot;}\">\n\t\t\t\t<div class=\"elementor-element elementor-element-a42cdfa elementor-widget__width-initial elementor-widget elementor-widget-text-editor\" data-id=\"a42cdfa\" data-element_type=\"widget\" data-e-type=\"widget\" data-widget_type=\"text-editor.default\">\n\t\t\t\t\t\t\t\t\t<div class=\"_df_book df-lite\" id=\"df_3458\"  _slug=\"jahrbuch-2002\" data-title=\"jahrbuch-2002\" wpoptions=\"true\" thumbtype=\"\" ><\/div><script class=\"df-shortcode-script\" nowprocket type=\"application\/javascript\">window.option_df_3458 = {\"outline\":[],\"backgroundColor\":\"transparent\",\"autoEnableOutline\":\"false\",\"autoEnableThumbnail\":\"false\",\"overwritePDFOutline\":\"false\",\"enableDownload\":\"false\",\"direction\":\"1\",\"pageSize\":\"0\",\"source\":\"https:\\\/\\\/alpinmedizin.org\\\/wp-content\\\/uploads\\\/2026\\\/03\\\/Jahrbuch-2002-OEGAHM.pdf\",\"wpOptions\":\"true\"}; if(window.DFLIP && window.DFLIP.parseBooks){window.DFLIP.parseBooks();}<\/script>\t\t\t\t\t\t\t\t<\/div>\n\t\t\t\t<\/div>\n\t\t<div class=\"elementor-element elementor-element-822949b e-con-full e-flex e-con e-parent\" data-id=\"822949b\" data-element_type=\"container\" data-e-type=\"container\" id=\"jahrbuch-2001\" data-settings=\"{&quot;background_background&quot;:&quot;classic&quot;}\">\n\t\t\t\t<div class=\"elementor-element elementor-element-2c965a9 elementor-widget__width-initial elementor-widget elementor-widget-text-editor\" data-id=\"2c965a9\" data-element_type=\"widget\" data-e-type=\"widget\" data-widget_type=\"text-editor.default\">\n\t\t\t\t\t\t\t\t\t<div class=\"_df_book df-lite\" id=\"df_3460\"  _slug=\"jahrbuch-2001\" data-title=\"jahrbuch-2001\" wpoptions=\"true\" thumbtype=\"\" ><\/div><script class=\"df-shortcode-script\" nowprocket type=\"application\/javascript\">window.option_df_3460 = {\"outline\":[],\"backgroundColor\":\"transparent\",\"autoEnableOutline\":\"false\",\"autoEnableThumbnail\":\"false\",\"overwritePDFOutline\":\"false\",\"enableDownload\":\"false\",\"direction\":\"1\",\"pageSize\":\"0\",\"source\":\"https:\\\/\\\/alpinmedizin.org\\\/wp-content\\\/uploads\\\/2026\\\/03\\\/Jahrbuch-2001-oT-OEGAHM.pdf\",\"wpOptions\":\"true\"}; if(window.DFLIP && window.DFLIP.parseBooks){window.DFLIP.parseBooks();}<\/script>\t\t\t\t\t\t\t\t<\/div>\n\t\t\t\t<\/div>\n\t\t<div class=\"elementor-element elementor-element-6bcd087 e-con-full e-flex e-con e-parent\" data-id=\"6bcd087\" data-element_type=\"container\" data-e-type=\"container\" id=\"jahrbuch-2000\" data-settings=\"{&quot;background_background&quot;:&quot;classic&quot;}\">\n\t\t\t\t<div class=\"elementor-element elementor-element-2ad9479 elementor-widget__width-initial elementor-widget elementor-widget-text-editor\" data-id=\"2ad9479\" data-element_type=\"widget\" data-e-type=\"widget\" data-widget_type=\"text-editor.default\">\n\t\t\t\t\t\t\t\t\t<div class=\"_df_book df-lite\" id=\"df_3466\"  _slug=\"jahrbuch-2000\" data-title=\"jahrbuch-2000\" wpoptions=\"true\" thumbtype=\"\" ><\/div><script class=\"df-shortcode-script\" nowprocket type=\"application\/javascript\">window.option_df_3466 = {\"outline\":[],\"backgroundColor\":\"transparent\",\"autoEnableOutline\":\"false\",\"autoEnableThumbnail\":\"false\",\"overwritePDFOutline\":\"false\",\"enableDownload\":\"false\",\"direction\":\"1\",\"pageSize\":\"0\",\"source\":\"https:\\\/\\\/alpinmedizin.org\\\/wp-content\\\/uploads\\\/2026\\\/03\\\/Jahrbuch-2000-OEGAHM.pdf\",\"wpOptions\":\"true\"}; if(window.DFLIP && window.DFLIP.parseBooks){window.DFLIP.parseBooks();}<\/script>\t\t\t\t\t\t\t\t<\/div>\n\t\t\t\t<\/div>\n\t\t<div class=\"elementor-element elementor-element-a1f57bd e-con-full e-flex e-con e-parent\" data-id=\"a1f57bd\" data-element_type=\"container\" data-e-type=\"container\" id=\"jahrbuch-1999\" data-settings=\"{&quot;background_background&quot;:&quot;classic&quot;}\">\n\t\t\t\t<div class=\"elementor-element elementor-element-8c3a149 elementor-widget__width-initial elementor-widget elementor-widget-text-editor\" data-id=\"8c3a149\" data-element_type=\"widget\" data-e-type=\"widget\" data-widget_type=\"text-editor.default\">\n\t\t\t\t\t\t\t\t\t<div class=\"_df_book df-lite\" id=\"df_3468\"  _slug=\"jahrbuch-1999\" data-title=\"jahrbuch-1999\" wpoptions=\"true\" thumbtype=\"\" ><\/div><script class=\"df-shortcode-script\" nowprocket type=\"application\/javascript\">window.option_df_3468 = {\"outline\":[],\"backgroundColor\":\"transparent\",\"autoEnableOutline\":\"false\",\"autoEnableThumbnail\":\"false\",\"overwritePDFOutline\":\"false\",\"enableDownload\":\"false\",\"direction\":\"1\",\"pageSize\":\"0\",\"source\":\"https:\\\/\\\/alpinmedizin.org\\\/wp-content\\\/uploads\\\/2026\\\/03\\\/Jahrbuch-1999-OEGAHM.pdf\",\"wpOptions\":\"true\"}; if(window.DFLIP && window.DFLIP.parseBooks){window.DFLIP.parseBooks();}<\/script>\t\t\t\t\t\t\t\t<\/div>\n\t\t\t\t<\/div>\n\t\t\t\t<\/div>\n\t\t","protected":false},"excerpt":{"rendered":"","protected":false},"author":3,"featured_media":0,"parent":9670,"menu_order":20,"comment_status":"closed","ping_status":"closed","template":"","meta":{"footnotes":""},"class_list":["post-9515","page","type-page","status-publish","hentry"],"yoast_head":"<!-- This site is optimized with the Yoast SEO plugin v27.5 - https:\/\/yoast.com\/product\/yoast-seo-wordpress\/ -->\n<title>Yearbooks 2 | \u00d6GAHM<\/title>\n<meta name=\"robots\" content=\"index, follow, max-snippet:-1, max-image-preview:large, max-video-preview:-1\" \/>\n<link rel=\"canonical\" href=\"https:\/\/alpinmedizin.org\/en\/publications\/oegahm-yearbooks\/yearbooks-2\/\" \/>\n<meta property=\"og:locale\" content=\"en_US\" \/>\n<meta property=\"og:type\" content=\"article\" \/>\n<meta property=\"og:title\" content=\"Yearbooks 2 | \u00d6GAHM\" \/>\n<meta property=\"og:url\" content=\"https:\/\/alpinmedizin.org\/en\/publications\/oegahm-yearbooks\/yearbooks-2\/\" \/>\n<meta property=\"og:site_name\" content=\"\u00d6GAHM\" \/>\n<meta property=\"article:modified_time\" content=\"2026-05-08T12:31:35+00:00\" \/>\n<meta name=\"twitter:card\" content=\"summary_large_image\" \/>\n<meta name=\"twitter:label1\" content=\"Est. reading time\" \/>\n\t<meta name=\"twitter:data1\" content=\"1 minute\" \/>\n<script type=\"application\/ld+json\" class=\"yoast-schema-graph\">{\"@context\":\"https:\\\/\\\/schema.org\",\"@graph\":[{\"@type\":\"WebPage\",\"@id\":\"https:\\\/\\\/alpinmedizin.org\\\/en\\\/publications\\\/oegahm-yearbooks\\\/yearbooks-2\\\/\",\"url\":\"https:\\\/\\\/alpinmedizin.org\\\/en\\\/publications\\\/oegahm-yearbooks\\\/yearbooks-2\\\/\",\"name\":\"Yearbooks 2 | \u00d6GAHM\",\"isPartOf\":{\"@id\":\"https:\\\/\\\/alpinmedizin.org\\\/en\\\/#website\"},\"datePublished\":\"2026-04-07T08:56:03+00:00\",\"dateModified\":\"2026-05-08T12:31:35+00:00\",\"breadcrumb\":{\"@id\":\"https:\\\/\\\/alpinmedizin.org\\\/en\\\/publications\\\/oegahm-yearbooks\\\/yearbooks-2\\\/#breadcrumb\"},\"inLanguage\":\"en-US\",\"potentialAction\":[{\"@type\":\"ReadAction\",\"target\":[\"https:\\\/\\\/alpinmedizin.org\\\/en\\\/publications\\\/oegahm-yearbooks\\\/yearbooks-2\\\/\"]}]},{\"@type\":\"BreadcrumbList\",\"@id\":\"https:\\\/\\\/alpinmedizin.org\\\/en\\\/publications\\\/oegahm-yearbooks\\\/yearbooks-2\\\/#breadcrumb\",\"itemListElement\":[{\"@type\":\"ListItem\",\"position\":1,\"name\":\"Home\",\"item\":\"https:\\\/\\\/alpinmedizin.org\\\/en\\\/\"},{\"@type\":\"ListItem\",\"position\":2,\"name\":\"Publications\",\"item\":\"https:\\\/\\\/alpinmedizin.org\\\/en\\\/publications\\\/\"},{\"@type\":\"ListItem\",\"position\":3,\"name\":\"\u00d6GAHM Yearbooks\",\"item\":\"https:\\\/\\\/alpinmedizin.org\\\/en\\\/publications\\\/oegahm-yearbooks\\\/\"},{\"@type\":\"ListItem\",\"position\":4,\"name\":\"Yearbooks 2\"}]},{\"@type\":\"WebSite\",\"@id\":\"https:\\\/\\\/alpinmedizin.org\\\/en\\\/#website\",\"url\":\"https:\\\/\\\/alpinmedizin.org\\\/en\\\/\",\"name\":\"\u00d6GAHM\",\"description\":\"\u00d6sterreichische Gesellschaft f\u00fcr Alpin- und H\u00f6henmedizin\",\"publisher\":{\"@id\":\"https:\\\/\\\/alpinmedizin.org\\\/en\\\/#organization\"},\"alternateName\":\"\u00d6sterreichische Gesellschaft f\u00fcr Alpin- und H\u00f6henmedizin\",\"potentialAction\":[{\"@type\":\"SearchAction\",\"target\":{\"@type\":\"EntryPoint\",\"urlTemplate\":\"https:\\\/\\\/alpinmedizin.org\\\/en\\\/?s={search_term_string}\"},\"query-input\":{\"@type\":\"PropertyValueSpecification\",\"valueRequired\":true,\"valueName\":\"search_term_string\"}}],\"inLanguage\":\"en-US\"},{\"@type\":\"Organization\",\"@id\":\"https:\\\/\\\/alpinmedizin.org\\\/en\\\/#organization\",\"name\":\"\u00d6GAHM\",\"alternateName\":\"Austrian Society for Mountain and High Altitude Medicine\",\"url\":\"https:\\\/\\\/alpinmedizin.org\\\/en\\\/\",\"logo\":{\"@type\":\"ImageObject\",\"inLanguage\":\"en-US\",\"@id\":\"https:\\\/\\\/alpinmedizin.org\\\/en\\\/#\\\/schema\\\/logo\\\/image\\\/\",\"url\":\"https:\\\/\\\/alpinmedizin.org\\\/wp-content\\\/uploads\\\/2026\\\/01\\\/OEGAHM-Logo-4c.png\",\"contentUrl\":\"https:\\\/\\\/alpinmedizin.org\\\/wp-content\\\/uploads\\\/2026\\\/01\\\/OEGAHM-Logo-4c.png\",\"width\":512,\"height\":512,\"caption\":\"\u00d6GAHM\"},\"image\":{\"@id\":\"https:\\\/\\\/alpinmedizin.org\\\/en\\\/#\\\/schema\\\/logo\\\/image\\\/\"}}]}<\/script>\n<!-- \/ Yoast SEO plugin. -->","yoast_head_json":{"title":"Yearbooks 2 | \u00d6GAHM","robots":{"index":"index","follow":"follow","max-snippet":"max-snippet:-1","max-image-preview":"max-image-preview:large","max-video-preview":"max-video-preview:-1"},"canonical":"https:\/\/alpinmedizin.org\/en\/publications\/oegahm-yearbooks\/yearbooks-2\/","og_locale":"en_US","og_type":"article","og_title":"Yearbooks 2 | \u00d6GAHM","og_url":"https:\/\/alpinmedizin.org\/en\/publications\/oegahm-yearbooks\/yearbooks-2\/","og_site_name":"\u00d6GAHM","article_modified_time":"2026-05-08T12:31:35+00:00","twitter_card":"summary_large_image","twitter_misc":{"Est. reading time":"1 minute"},"schema":{"@context":"https:\/\/schema.org","@graph":[{"@type":"WebPage","@id":"https:\/\/alpinmedizin.org\/en\/publications\/oegahm-yearbooks\/yearbooks-2\/","url":"https:\/\/alpinmedizin.org\/en\/publications\/oegahm-yearbooks\/yearbooks-2\/","name":"Yearbooks 2 | \u00d6GAHM","isPartOf":{"@id":"https:\/\/alpinmedizin.org\/en\/#website"},"datePublished":"2026-04-07T08:56:03+00:00","dateModified":"2026-05-08T12:31:35+00:00","breadcrumb":{"@id":"https:\/\/alpinmedizin.org\/en\/publications\/oegahm-yearbooks\/yearbooks-2\/#breadcrumb"},"inLanguage":"en-US","potentialAction":[{"@type":"ReadAction","target":["https:\/\/alpinmedizin.org\/en\/publications\/oegahm-yearbooks\/yearbooks-2\/"]}]},{"@type":"BreadcrumbList","@id":"https:\/\/alpinmedizin.org\/en\/publications\/oegahm-yearbooks\/yearbooks-2\/#breadcrumb","itemListElement":[{"@type":"ListItem","position":1,"name":"Home","item":"https:\/\/alpinmedizin.org\/en\/"},{"@type":"ListItem","position":2,"name":"Publications","item":"https:\/\/alpinmedizin.org\/en\/publications\/"},{"@type":"ListItem","position":3,"name":"\u00d6GAHM Yearbooks","item":"https:\/\/alpinmedizin.org\/en\/publications\/oegahm-yearbooks\/"},{"@type":"ListItem","position":4,"name":"Yearbooks 2"}]},{"@type":"WebSite","@id":"https:\/\/alpinmedizin.org\/en\/#website","url":"https:\/\/alpinmedizin.org\/en\/","name":"\u00d6GAHM","description":"\u00d6sterreichische Gesellschaft f\u00fcr Alpin- und H\u00f6henmedizin","publisher":{"@id":"https:\/\/alpinmedizin.org\/en\/#organization"},"alternateName":"\u00d6sterreichische Gesellschaft f\u00fcr Alpin- und H\u00f6henmedizin","potentialAction":[{"@type":"SearchAction","target":{"@type":"EntryPoint","urlTemplate":"https:\/\/alpinmedizin.org\/en\/?s={search_term_string}"},"query-input":{"@type":"PropertyValueSpecification","valueRequired":true,"valueName":"search_term_string"}}],"inLanguage":"en-US"},{"@type":"Organization","@id":"https:\/\/alpinmedizin.org\/en\/#organization","name":"\u00d6GAHM","alternateName":"Austrian Society for Mountain and High Altitude Medicine","url":"https:\/\/alpinmedizin.org\/en\/","logo":{"@type":"ImageObject","inLanguage":"en-US","@id":"https:\/\/alpinmedizin.org\/en\/#\/schema\/logo\/image\/","url":"https:\/\/alpinmedizin.org\/wp-content\/uploads\/2026\/01\/OEGAHM-Logo-4c.png","contentUrl":"https:\/\/alpinmedizin.org\/wp-content\/uploads\/2026\/01\/OEGAHM-Logo-4c.png","width":512,"height":512,"caption":"\u00d6GAHM"},"image":{"@id":"https:\/\/alpinmedizin.org\/en\/#\/schema\/logo\/image\/"}}]}},"_links":{"self":[{"href":"https:\/\/alpinmedizin.org\/en\/wp-json\/wp\/v2\/pages\/9515","targetHints":{"allow":["GET"]}}],"collection":[{"href":"https:\/\/alpinmedizin.org\/en\/wp-json\/wp\/v2\/pages"}],"about":[{"href":"https:\/\/alpinmedizin.org\/en\/wp-json\/wp\/v2\/types\/page"}],"author":[{"embeddable":true,"href":"https:\/\/alpinmedizin.org\/en\/wp-json\/wp\/v2\/users\/3"}],"replies":[{"embeddable":true,"href":"https:\/\/alpinmedizin.org\/en\/wp-json\/wp\/v2\/comments?post=9515"}],"version-history":[{"count":2,"href":"https:\/\/alpinmedizin.org\/en\/wp-json\/wp\/v2\/pages\/9515\/revisions"}],"predecessor-version":[{"id":9919,"href":"https:\/\/alpinmedizin.org\/en\/wp-json\/wp\/v2\/pages\/9515\/revisions\/9919"}],"up":[{"embeddable":true,"href":"https:\/\/alpinmedizin.org\/en\/wp-json\/wp\/v2\/pages\/9670"}],"wp:attachment":[{"href":"https:\/\/alpinmedizin.org\/en\/wp-json\/wp\/v2\/media?parent=9515"}],"curies":[{"name":"wp","href":"https:\/\/api.w.org\/{rel}","templated":true}]}}